{"id":3885,"date":"2018-04-15T18:26:11","date_gmt":"2018-04-15T16:26:11","guid":{"rendered":"https:\/\/www.familinbordeaux.fr\/contact-us\/"},"modified":"2024-11-18T22:12:44","modified_gmt":"2024-11-18T21:12:44","slug":"contact-us","status":"publish","type":"page","link":"https:\/\/www.familinbordeaux.fr\/en\/contact-us\/","title":{"rendered":"Contact us"},"content":{"rendered":"\n<p class=\"has-text-align-center\">Do you have a question, a request for a quote or need more information?  <br\/>Contact us via this form.  <br\/>We will respond to your request as soon as possible.<\/p>\n\n<section class=\"wp-block-uagb-section uagb-section__wrap uagb-section__background-color uagb-block-970f5547\"><div class=\"uagb-section__overlay\"><\/div><div class=\"uagb-section__inner-wrap\">\n<div class=\"wpcf7 no-js\" id=\"wpcf7-f858-o1\" lang=\"fr-FR\" dir=\"ltr\" data-wpcf7-id=\"858\">\n<div class=\"screen-reader-response\"><p role=\"status\" aria-live=\"polite\" aria-atomic=\"true\"><\/p> <ul><\/ul><\/div>\n<form action=\"\/en\/wp-json\/wp\/v2\/pages\/3885#wpcf7-f858-o1\" method=\"post\" class=\"wpcf7-form init\" aria-label=\"Formulaire de contact\" novalidate=\"novalidate\" data-status=\"init\">\n<fieldset class=\"hidden-fields-container\"><input type=\"hidden\" name=\"_wpcf7\" value=\"858\" \/><input type=\"hidden\" name=\"_wpcf7_version\" value=\"6.1.5\" \/><input type=\"hidden\" name=\"_wpcf7_locale\" value=\"fr_FR\" \/><input type=\"hidden\" name=\"_wpcf7_unit_tag\" value=\"wpcf7-f858-o1\" \/><input type=\"hidden\" name=\"_wpcf7_container_post\" value=\"0\" \/><input type=\"hidden\" name=\"_wpcf7_posted_data_hash\" value=\"\" \/><input type=\"hidden\" name=\"_wpcf7_recaptcha_response\" value=\"\" \/>\n<\/fieldset>\n<p><label> Votre nom<span class=\"pink\">*<\/span><br \/>\n<span class=\"wpcf7-form-control-wrap\" data-name=\"your-name\"><input size=\"40\" maxlength=\"400\" class=\"wpcf7-form-control wpcf7-text wpcf7-validates-as-required sib-input\" aria-required=\"true\" aria-invalid=\"false\" placeholder=\"Votre nom\" value=\"\" type=\"text\" name=\"your-name\" \/><\/span><\/label>\n<\/p>\n<p><label> Votre adresse e-mail<span class=\"pink\">*<\/span><br \/>\n<span class=\"wpcf7-form-control-wrap\" data-name=\"your-email\"><input size=\"40\" maxlength=\"400\" class=\"wpcf7-form-control wpcf7-email wpcf7-validates-as-required wpcf7-text wpcf7-validates-as-email sib-input\" aria-required=\"true\" aria-invalid=\"false\" placeholder=\"Votre adresse e-mail\" value=\"\" type=\"email\" name=\"your-email\" \/><\/span> <\/label>\n<\/p>\n<p><label> Votre num\u00e9ro de t\u00e9l\u00e9phone<\/label><br \/>\n<span class=\"wpcf7-form-control-wrap\" data-name=\"your-phonenumber\"><input size=\"40\" maxlength=\"400\" class=\"wpcf7-form-control wpcf7-tel wpcf7-text wpcf7-validates-as-tel sib-input\" aria-invalid=\"false\" placeholder=\"Votre num\u00e9ro de t\u00e9l\u00e9phone\" value=\"\" type=\"tel\" name=\"your-phonenumber\" \/><\/span>\n<\/p>\n<p><label> Objet de votre demande<span class=\"pink\">*<\/span><br \/>\n<span class=\"wpcf7-form-control-wrap\" data-name=\"your-subject\"><input size=\"40\" maxlength=\"400\" class=\"wpcf7-form-control wpcf7-text wpcf7-validates-as-required sib-input\" aria-required=\"true\" aria-invalid=\"false\" placeholder=\"Objet de la demande\" value=\"\" type=\"text\" name=\"your-subject\" \/><\/span> <\/label>\n<\/p>\n<p><label> Produit concern\u00e9<br \/>\n<span class=\"wpcf7-form-control-wrap\" data-name=\"product\"><input size=\"40\" maxlength=\"400\" class=\"wpcf7-form-control wpcf7-text sib-input\" aria-invalid=\"false\" placeholder=\"Produit concern\u00e9\" value=\"\" type=\"text\" name=\"product\" \/><\/span> <\/label>\n<\/p>\n<p><label> Votre message<br \/>\n<span class=\"wpcf7-form-control-wrap\" data-name=\"your-message\"><textarea cols=\"40\" rows=\"10\" maxlength=\"2000\" class=\"wpcf7-form-control wpcf7-textarea sib-input\" aria-invalid=\"false\" placeholder=\"Votre message\" name=\"your-message\"><\/textarea><\/span> <\/label>\n<\/p>\n<input class=\"wpcf7-form-control wpcf7-hidden\" value=\"\" type=\"hidden\" name=\"referer-page\" \/>\n<div class=\"t-center\">\n\t<p><input class=\"wpcf7-form-control wpcf7-submit has-spinner\" type=\"submit\" value=\"Envoyer\" \/>\n\t<\/p>\n<\/div><p style=\"display: none !important;\" class=\"akismet-fields-container\" data-prefix=\"_wpcf7_ak_\"><label>&#916;<textarea name=\"_wpcf7_ak_hp_textarea\" cols=\"45\" rows=\"8\" maxlength=\"100\"><\/textarea><\/label><input type=\"hidden\" id=\"ak_js_1\" name=\"_wpcf7_ak_js\" value=\"233\"\/><script>document.getElementById( \"ak_js_1\" ).setAttribute( \"value\", ( new Date() ).getTime() );<\/script><\/p><div class=\"wpcf7-response-output\" aria-hidden=\"true\"><\/div>\n<\/form>\n<\/div>\n\n<\/div><\/section>\n\n<div style=\"height:100px\" aria-hidden=\"true\" class=\"wp-block-spacer\"><\/div>\n\n<hr class=\"wp-block-separator has-text-color has-background has-vivid-red-background-color has-vivid-red-color is-style-default\"\/>\n<p class=\"aligncenter wp-block-tag-cloud\"><a href=\"https:\/\/www.familinbordeaux.fr\/en\/categorie\/leisure\/cinema-en\/\" class=\"tag-cloud-link tag-link-123 tag-link-position-1\" style=\"font-size: 8pt;\" aria-label=\"Cinema (1 item)\">Cinema<span class=\"tag-link-count\"> (1)<\/span><\/a>\n<a href=\"https:\/\/www.familinbordeaux.fr\/en\/categorie\/cruise\/\" class=\"tag-cloud-link tag-link-102 tag-link-position-2\" style=\"font-size: 11.387096774194pt;\" aria-label=\"Cruise (3 items)\">Cruise<span class=\"tag-link-count\"> (3)<\/span><\/a>\n<a href=\"https:\/\/www.familinbordeaux.fr\/en\/categorie\/leisure\/escape-game-en\/\" class=\"tag-cloud-link tag-link-110 tag-link-position-3\" style=\"font-size: 8pt;\" aria-label=\"Escape Game (1 item)\">Escape Game<span class=\"tag-link-count\"> (1)<\/span><\/a>\n<a href=\"https:\/\/www.familinbordeaux.fr\/en\/categorie\/exhibition\/\" class=\"tag-cloud-link tag-link-118 tag-link-position-4\" style=\"font-size: 8pt;\" aria-label=\"Exhibition (1 item)\">Exhibition<span class=\"tag-link-count\"> (1)<\/span><\/a>\n<a href=\"https:\/\/www.familinbordeaux.fr\/en\/categorie\/garden\/\" class=\"tag-cloud-link tag-link-109 tag-link-position-5\" style=\"font-size: 10.032258064516pt;\" aria-label=\"Garden (2 items)\">Garden<span class=\"tag-link-count\"> (2)<\/span><\/a>\n<a href=\"https:\/\/www.familinbordeaux.fr\/en\/categorie\/guided-tours\/\" class=\"tag-cloud-link tag-link-103 tag-link-position-6\" style=\"font-size: 11.387096774194pt;\" aria-label=\"Guided tours (3 items)\">Guided tours<span class=\"tag-link-count\"> (3)<\/span><\/a>\n<a href=\"https:\/\/www.familinbordeaux.fr\/en\/categorie\/immersive-experience\/\" class=\"tag-cloud-link tag-link-130 tag-link-position-7\" style=\"font-size: 15.903225806452pt;\" aria-label=\"Immersive experience (9 items)\">Immersive experience<span class=\"tag-link-count\"> (9)<\/span><\/a>\n<a href=\"https:\/\/www.familinbordeaux.fr\/en\/categorie\/leisure\/\" class=\"tag-cloud-link tag-link-80 tag-link-position-8\" style=\"font-size: 19.290322580645pt;\" aria-label=\"Leisure (19 items)\">Leisure<span class=\"tag-link-count\"> (19)<\/span><\/a>\n<a href=\"https:\/\/www.familinbordeaux.fr\/en\/categorie\/monument-en\/\" class=\"tag-cloud-link tag-link-82 tag-link-position-9\" style=\"font-size: 8pt;\" aria-label=\"Monument (1 item)\">Monument<span class=\"tag-link-count\"> (1)<\/span><\/a>\n<a href=\"https:\/\/www.familinbordeaux.fr\/en\/categorie\/museums\/\" class=\"tag-cloud-link tag-link-91 tag-link-position-10\" style=\"font-size: 15.903225806452pt;\" aria-label=\"Museums (9 items)\">Museums<span class=\"tag-link-count\"> (9)<\/span><\/a>\n<a href=\"https:\/\/www.familinbordeaux.fr\/en\/categorie\/non-classifiee\/\" class=\"tag-cloud-link tag-link-1 tag-link-position-11\" style=\"font-size: 15.338709677419pt;\" aria-label=\"Non classifi\u00e9(e) (8 items)\">Non classifi\u00e9(e)<span class=\"tag-link-count\"> (8)<\/span><\/a>\n<a href=\"https:\/\/www.familinbordeaux.fr\/en\/categorie\/past-event\/\" class=\"tag-cloud-link tag-link-81 tag-link-position-12\" style=\"font-size: 22pt;\" aria-label=\"Past event (34 items)\">Past event<span class=\"tag-link-count\"> (34)<\/span><\/a>\n<a href=\"https:\/\/www.familinbordeaux.fr\/en\/categorie\/guided-tours\/private-tours\/\" class=\"tag-cloud-link tag-link-97 tag-link-position-13\" style=\"font-size: 14.209677419355pt;\" aria-label=\"Private tours (6 items)\">Private tours<span class=\"tag-link-count\"> (6)<\/span><\/a>\n<a href=\"https:\/\/www.familinbordeaux.fr\/en\/categorie\/routes\/\" class=\"tag-cloud-link tag-link-124 tag-link-position-14\" style=\"font-size: 8pt;\" aria-label=\"Routes (1 item)\">Routes<span class=\"tag-link-count\"> (1)<\/span><\/a>\n<a href=\"https:\/\/www.familinbordeaux.fr\/en\/categorie\/school\/\" class=\"tag-cloud-link tag-link-88 tag-link-position-15\" style=\"font-size: 14.774193548387pt;\" aria-label=\"SCHOOL (7 items)\">SCHOOL<span class=\"tag-link-count\"> (7)<\/span><\/a>\n<a href=\"https:\/\/www.familinbordeaux.fr\/en\/categorie\/shop\/\" class=\"tag-cloud-link tag-link-101 tag-link-position-16\" style=\"font-size: 8pt;\" aria-label=\"Shop (1 item)\">Shop<span class=\"tag-link-count\"> (1)<\/span><\/a>\n<a href=\"https:\/\/www.familinbordeaux.fr\/en\/categorie\/shows\/\" class=\"tag-cloud-link tag-link-113 tag-link-position-17\" style=\"font-size: 10.032258064516pt;\" aria-label=\"Shows (2 items)\">Shows<span class=\"tag-link-count\"> (2)<\/span><\/a>\n<a href=\"https:\/\/www.familinbordeaux.fr\/en\/categorie\/topicality\/\" class=\"tag-cloud-link tag-link-111 tag-link-position-18\" style=\"font-size: 14.774193548387pt;\" aria-label=\"Topicality (7 items)\">Topicality<span class=\"tag-link-count\"> (7)<\/span><\/a>\n<a href=\"https:\/\/www.familinbordeaux.fr\/en\/categorie\/leisure\/treasure-hunt\/\" class=\"tag-cloud-link tag-link-98 tag-link-position-19\" style=\"font-size: 12.516129032258pt;\" aria-label=\"Treasure hunt (4 items)\">Treasure hunt<span class=\"tag-link-count\"> (4)<\/span><\/a>\n<a href=\"https:\/\/www.familinbordeaux.fr\/en\/categorie\/visit\/\" class=\"tag-cloud-link tag-link-94 tag-link-position-20\" style=\"font-size: 14.209677419355pt;\" aria-label=\"Visit (6 items)\">Visit<span class=\"tag-link-count\"> (6)<\/span><\/a><\/p>\n<hr class=\"wp-block-separator has-text-color has-background has-vivid-red-background-color has-vivid-red-color is-style-default\"\/>\n<p class=\"aligncenter wp-block-tag-cloud\"><a href=\"https:\/\/www.familinbordeaux.fr\/en\/tag\/april\/\" class=\"tag-cloud-link tag-link-148 tag-link-position-1\" style=\"font-size: 8pt;\" aria-label=\"April (1 item)\">April<span class=\"tag-link-count\"> (1)<\/span><\/a>\n<a href=\"https:\/\/www.familinbordeaux.fr\/en\/tag\/art-en\/\" class=\"tag-cloud-link tag-link-93 tag-link-position-2\" style=\"font-size: 11.28125pt;\" aria-label=\"art (3 items)\">art<span class=\"tag-link-count\"> (3)<\/span><\/a>\n<a href=\"https:\/\/www.familinbordeaux.fr\/en\/tag\/august\/\" class=\"tag-cloud-link tag-link-142 tag-link-position-3\" style=\"font-size: 8pt;\" aria-label=\"August (1 item)\">August<span class=\"tag-link-count\"> (1)<\/span><\/a>\n<a href=\"https:\/\/www.familinbordeaux.fr\/en\/tag\/august-15\/\" class=\"tag-cloud-link tag-link-107 tag-link-position-4\" style=\"font-size: 13.25pt;\" aria-label=\"August 15 (5 items)\">August 15<span class=\"tag-link-count\"> (5)<\/span><\/a>\n<a href=\"https:\/\/www.familinbordeaux.fr\/en\/tag\/christmas\/\" class=\"tag-cloud-link tag-link-117 tag-link-position-5\" style=\"font-size: 8pt;\" aria-label=\"Christmas (1 item)\">Christmas<span class=\"tag-link-count\"> (1)<\/span><\/a>\n<a href=\"https:\/\/www.familinbordeaux.fr\/en\/tag\/college-en\/\" class=\"tag-cloud-link tag-link-89 tag-link-position-6\" style=\"font-size: 14.015625pt;\" aria-label=\"college (6 items)\">college<span class=\"tag-link-count\"> (6)<\/span><\/a>\n<a href=\"https:\/\/www.familinbordeaux.fr\/en\/tag\/december\/\" class=\"tag-cloud-link tag-link-115 tag-link-position-7\" style=\"font-size: 8pt;\" aria-label=\"December (1 item)\">December<span class=\"tag-link-count\"> (1)<\/span><\/a>\n<a href=\"https:\/\/www.familinbordeaux.fr\/en\/tag\/december-25\/\" class=\"tag-cloud-link tag-link-119 tag-link-position-8\" style=\"font-size: 9.96875pt;\" aria-label=\"December 25 (2 items)\">December 25<span class=\"tag-link-count\"> (2)<\/span><\/a>\n<a href=\"https:\/\/www.familinbordeaux.fr\/en\/tag\/easter-holidays\/\" class=\"tag-cloud-link tag-link-99 tag-link-position-9\" style=\"font-size: 15.65625pt;\" aria-label=\"Easter holidays (9 items)\">Easter holidays<span class=\"tag-link-count\"> (9)<\/span><\/a>\n<a href=\"https:\/\/www.familinbordeaux.fr\/en\/tag\/favorite\/\" class=\"tag-cloud-link tag-link-95 tag-link-position-10\" style=\"font-size: 11.28125pt;\" aria-label=\"Favorite (3 items)\">Favorite<span class=\"tag-link-count\"> (3)<\/span><\/a>\n<a href=\"https:\/\/www.familinbordeaux.fr\/en\/tag\/february\/\" class=\"tag-cloud-link tag-link-135 tag-link-position-11\" style=\"font-size: 8pt;\" aria-label=\"February (1 item)\">February<span class=\"tag-link-count\"> (1)<\/span><\/a>\n<a href=\"https:\/\/www.familinbordeaux.fr\/en\/tag\/for-7-12-year-olds\/\" class=\"tag-cloud-link tag-link-83 tag-link-position-12\" style=\"font-size: 22pt;\" aria-label=\"for-7-12-year-olds (37 items)\">for-7-12-year-olds<span class=\"tag-link-count\"> (37)<\/span><\/a>\n<a href=\"https:\/\/www.familinbordeaux.fr\/en\/tag\/for-teens\/\" class=\"tag-cloud-link tag-link-92 tag-link-position-13\" style=\"font-size: 21.78125pt;\" aria-label=\"for-teens (35 items)\">for-teens<span class=\"tag-link-count\"> (35)<\/span><\/a>\n<a href=\"https:\/\/www.familinbordeaux.fr\/en\/tag\/for-0-3-year-olds\/\" class=\"tag-cloud-link tag-link-86 tag-link-position-14\" style=\"font-size: 15.109375pt;\" aria-label=\"For 0-3 year olds (8 items)\">For 0-3 year olds<span class=\"tag-link-count\"> (8)<\/span><\/a>\n<a href=\"https:\/\/www.familinbordeaux.fr\/en\/tag\/for-3-6-year-olds\/\" class=\"tag-cloud-link tag-link-85 tag-link-position-15\" style=\"font-size: 18.5pt;\" aria-label=\"For 3-6 year olds (17 items)\">For 3-6 year olds<span class=\"tag-link-count\"> (17)<\/span><\/a>\n<a href=\"https:\/\/www.familinbordeaux.fr\/en\/tag\/good-looking\/\" class=\"tag-cloud-link tag-link-84 tag-link-position-16\" style=\"font-size: 16.09375pt;\" aria-label=\"Good looking (10 items)\">Good looking<span class=\"tag-link-count\"> (10)<\/span><\/a>\n<a href=\"https:\/\/www.familinbordeaux.fr\/en\/tag\/high-school\/\" class=\"tag-cloud-link tag-link-90 tag-link-position-17\" style=\"font-size: 14.015625pt;\" aria-label=\"high school (6 items)\">high school<span class=\"tag-link-count\"> (6)<\/span><\/a>\n<a href=\"https:\/\/www.familinbordeaux.fr\/en\/tag\/history\/\" class=\"tag-cloud-link tag-link-108 tag-link-position-18\" style=\"font-size: 9.96875pt;\" aria-label=\"history (2 items)\">history<span class=\"tag-link-count\"> (2)<\/span><\/a>\n<a href=\"https:\/\/www.familinbordeaux.fr\/en\/tag\/january\/\" class=\"tag-cloud-link tag-link-116 tag-link-position-19\" style=\"font-size: 8pt;\" aria-label=\"January (1 item)\">January<span class=\"tag-link-count\"> (1)<\/span><\/a>\n<a href=\"https:\/\/www.familinbordeaux.fr\/en\/tag\/january-1\/\" class=\"tag-cloud-link tag-link-120 tag-link-position-20\" style=\"font-size: 8pt;\" aria-label=\"January 1 (1 item)\">January 1<span class=\"tag-link-count\"> (1)<\/span><\/a>\n<a href=\"https:\/\/www.familinbordeaux.fr\/en\/tag\/july\/\" class=\"tag-cloud-link tag-link-145 tag-link-position-21\" style=\"font-size: 8pt;\" aria-label=\"July (1 item)\">July<span class=\"tag-link-count\"> (1)<\/span><\/a>\n<a href=\"https:\/\/www.familinbordeaux.fr\/en\/tag\/july-14\/\" class=\"tag-cloud-link tag-link-106 tag-link-position-22\" style=\"font-size: 14.015625pt;\" aria-label=\"July 14 (6 items)\">July 14<span class=\"tag-link-count\"> (6)<\/span><\/a>\n<a href=\"https:\/\/www.familinbordeaux.fr\/en\/tag\/june\/\" class=\"tag-cloud-link tag-link-144 tag-link-position-23\" style=\"font-size: 9.96875pt;\" aria-label=\"June (2 items)\">June<span class=\"tag-link-count\"> (2)<\/span><\/a>\n<a href=\"https:\/\/www.familinbordeaux.fr\/en\/tag\/may\/\" class=\"tag-cloud-link tag-link-147 tag-link-position-24\" style=\"font-size: 8pt;\" aria-label=\"May (1 item)\">May<span class=\"tag-link-count\"> (1)<\/span><\/a>\n<a href=\"https:\/\/www.familinbordeaux.fr\/en\/tag\/novelty\/\" class=\"tag-cloud-link tag-link-139 tag-link-position-25\" style=\"font-size: 13.25pt;\" aria-label=\"Novelty (5 items)\">Novelty<span class=\"tag-link-count\"> (5)<\/span><\/a>\n<a href=\"https:\/\/www.familinbordeaux.fr\/en\/tag\/november\/\" class=\"tag-cloud-link tag-link-149 tag-link-position-26\" style=\"font-size: 8pt;\" aria-label=\"November (1 item)\">November<span class=\"tag-link-count\"> (1)<\/span><\/a>\n<a href=\"https:\/\/www.familinbordeaux.fr\/en\/tag\/november-1\/\" class=\"tag-cloud-link tag-link-121 tag-link-position-27\" style=\"font-size: 11.28125pt;\" aria-label=\"November 1 (3 items)\">November 1<span class=\"tag-link-count\"> (3)<\/span><\/a>\n<a href=\"https:\/\/www.familinbordeaux.fr\/en\/tag\/november-11\/\" class=\"tag-cloud-link tag-link-122 tag-link-position-28\" style=\"font-size: 9.96875pt;\" aria-label=\"November 11 (2 items)\">November 11<span class=\"tag-link-count\"> (2)<\/span><\/a>\n<a href=\"https:\/\/www.familinbordeaux.fr\/en\/tag\/october\/\" class=\"tag-cloud-link tag-link-150 tag-link-position-29\" style=\"font-size: 8pt;\" aria-label=\"October (1 item)\">October<span class=\"tag-link-count\"> (1)<\/span><\/a>\n<a href=\"https:\/\/www.familinbordeaux.fr\/en\/tag\/primary\/\" class=\"tag-cloud-link tag-link-133 tag-link-position-30\" style=\"font-size: 9.96875pt;\" aria-label=\"primary (2 items)\">primary<span class=\"tag-link-count\"> (2)<\/span><\/a>\n<a href=\"https:\/\/www.familinbordeaux.fr\/en\/tag\/rain\/\" class=\"tag-cloud-link tag-link-104 tag-link-position-31\" style=\"font-size: 17.84375pt;\" aria-label=\"rain (15 items)\">rain<span class=\"tag-link-count\"> (15)<\/span><\/a>\n<a href=\"https:\/\/www.familinbordeaux.fr\/en\/tag\/sciences-en\/\" class=\"tag-cloud-link tag-link-96 tag-link-position-32\" style=\"font-size: 12.375pt;\" aria-label=\"sciences (4 items)\">sciences<span class=\"tag-link-count\"> (4)<\/span><\/a>\n<a href=\"https:\/\/www.familinbordeaux.fr\/en\/tag\/september\/\" class=\"tag-cloud-link tag-link-143 tag-link-position-33\" style=\"font-size: 8pt;\" aria-label=\"September (1 item)\">September<span class=\"tag-link-count\"> (1)<\/span><\/a>\n<a href=\"https:\/\/www.familinbordeaux.fr\/en\/tag\/show-archive\/\" class=\"tag-cloud-link tag-link-112 tag-link-position-34\" style=\"font-size: 13.25pt;\" aria-label=\"Show archive (5 items)\">Show archive<span class=\"tag-link-count\"> (5)<\/span><\/a>\n<a href=\"https:\/\/www.familinbordeaux.fr\/en\/tag\/sunday\/\" class=\"tag-cloud-link tag-link-146 tag-link-position-35\" style=\"font-size: 8pt;\" aria-label=\"Sunday (1 item)\">Sunday<span class=\"tag-link-count\"> (1)<\/span><\/a>\n<a href=\"https:\/\/www.familinbordeaux.fr\/en\/tag\/unusual\/\" class=\"tag-cloud-link tag-link-114 tag-link-position-36\" style=\"font-size: 8pt;\" aria-label=\"unusual (1 item)\">unusual<span class=\"tag-link-count\"> (1)<\/span><\/a>\n<a href=\"https:\/\/www.familinbordeaux.fr\/en\/tag\/wednesday\/\" class=\"tag-cloud-link tag-link-105 tag-link-position-37\" style=\"font-size: 15.109375pt;\" aria-label=\"Wednesday (8 items)\">Wednesday<span class=\"tag-link-count\"> (8)<\/span><\/a>\n<a href=\"https:\/\/www.familinbordeaux.fr\/en\/tag\/weekend\/\" class=\"tag-cloud-link tag-link-87 tag-link-position-38\" style=\"font-size: 16.859375pt;\" aria-label=\"Weekend (12 items)\">Weekend<span class=\"tag-link-count\"> (12)<\/span><\/a><\/p>\n<hr class=\"wp-block-separator has-text-color has-background has-vivid-red-background-color has-vivid-red-color is-style-default\"\/>\n","protected":false},"excerpt":{"rendered":"<p>Do you have a question, a request for a quote or need more information? Contact us via this form. We will respond to your request as soon as possible.<\/p>\n","protected":false},"author":6,"featured_media":0,"parent":0,"menu_order":0,"comment_status":"closed","ping_status":"closed","template":"","meta":{"_uag_custom_page_level_css":"","footnotes":""},"class_list":["post-3885","page","type-page","status-publish"],"yoast_head":"<!-- This site is optimized with the Yoast SEO plugin v27.2 - https:\/\/yoast.com\/product\/yoast-seo-wordpress\/ -->\n<title>Contact us - Familin&#039;Paris<\/title>\n<meta name=\"description\" content=\"Contact the Familin&#039;Paris teams for a request for a quote, a request for a price or a request for information, partnership, etc.\" \/>\n<meta name=\"robots\" content=\"index, follow, max-snippet:-1, max-image-preview:large, max-video-preview:-1\" \/>\n<link rel=\"canonical\" href=\"https:\/\/www.familinbordeaux.fr\/en\/contact-us\/\" \/>\n<meta property=\"og:locale\" content=\"en_US\" \/>\n<meta property=\"og:type\" content=\"article\" \/>\n<meta property=\"og:title\" content=\"Contact us - Familin&#039;Paris\" \/>\n<meta property=\"og:description\" content=\"Contact the Familin&#039;Paris teams for a request for a quote, a request for a price or a request for information, partnership, etc.\" \/>\n<meta property=\"og:url\" content=\"https:\/\/www.familinbordeaux.fr\/en\/contact-us\/\" \/>\n<meta property=\"og:site_name\" content=\"Familin&#039;Bordeaux\" \/>\n<meta property=\"article:modified_time\" content=\"2024-11-18T21:12:44+00:00\" \/>\n<meta name=\"twitter:card\" content=\"summary_large_image\" \/>\n<script type=\"application\/ld+json\" class=\"yoast-schema-graph\">{\"@context\":\"https:\/\/schema.org\",\"@graph\":[{\"@type\":\"WebPage\",\"@id\":\"https:\/\/www.familinbordeaux.fr\/en\/contact-us\/\",\"url\":\"https:\/\/www.familinbordeaux.fr\/en\/contact-us\/\",\"name\":\"Contact us - Familin'Paris\",\"isPartOf\":{\"@id\":\"https:\/\/www.familinbordeaux.fr\/en\/#website\"},\"datePublished\":\"2018-04-15T16:26:11+00:00\",\"dateModified\":\"2024-11-18T21:12:44+00:00\",\"description\":\"Contact the Familin'Paris teams for a request for a quote, a request for a price or a request for information, partnership, etc.\",\"breadcrumb\":{\"@id\":\"https:\/\/www.familinbordeaux.fr\/en\/contact-us\/#breadcrumb\"},\"inLanguage\":\"en-US\",\"potentialAction\":[{\"@type\":\"ReadAction\",\"target\":[\"https:\/\/www.familinbordeaux.fr\/en\/contact-us\/\"]}]},{\"@type\":\"BreadcrumbList\",\"@id\":\"https:\/\/www.familinbordeaux.fr\/en\/contact-us\/#breadcrumb\",\"itemListElement\":[{\"@type\":\"ListItem\",\"position\":1,\"name\":\"Accueil\",\"item\":\"https:\/\/www.familinbordeaux.fr\/en\/\"},{\"@type\":\"ListItem\",\"position\":2,\"name\":\"Contact us\"}]},{\"@type\":\"WebSite\",\"@id\":\"https:\/\/www.familinbordeaux.fr\/en\/#website\",\"url\":\"https:\/\/www.familinbordeaux.fr\/en\/\",\"name\":\"Familin&#039;Bordeaux\",\"description\":\"Visiter le meilleur de Bordeaux avec des enfants : sorties, spectacles, adresses de restaurants, shopping, bons plans...\",\"potentialAction\":[{\"@type\":\"SearchAction\",\"target\":{\"@type\":\"EntryPoint\",\"urlTemplate\":\"https:\/\/www.familinbordeaux.fr\/en\/?s={search_term_string}\"},\"query-input\":{\"@type\":\"PropertyValueSpecification\",\"valueRequired\":true,\"valueName\":\"search_term_string\"}}],\"inLanguage\":\"en-US\"}]}<\/script>\n<!-- \/ Yoast SEO plugin. -->","yoast_head_json":{"title":"Contact us - Familin'Paris","description":"Contact the Familin'Paris teams for a request for a quote, a request for a price or a request for information, partnership, etc.","robots":{"index":"index","follow":"follow","max-snippet":"max-snippet:-1","max-image-preview":"max-image-preview:large","max-video-preview":"max-video-preview:-1"},"canonical":"https:\/\/www.familinbordeaux.fr\/en\/contact-us\/","og_locale":"en_US","og_type":"article","og_title":"Contact us - Familin'Paris","og_description":"Contact the Familin'Paris teams for a request for a quote, a request for a price or a request for information, partnership, etc.","og_url":"https:\/\/www.familinbordeaux.fr\/en\/contact-us\/","og_site_name":"Familin&#039;Bordeaux","article_modified_time":"2024-11-18T21:12:44+00:00","twitter_card":"summary_large_image","schema":{"@context":"https:\/\/schema.org","@graph":[{"@type":"WebPage","@id":"https:\/\/www.familinbordeaux.fr\/en\/contact-us\/","url":"https:\/\/www.familinbordeaux.fr\/en\/contact-us\/","name":"Contact us - Familin'Paris","isPartOf":{"@id":"https:\/\/www.familinbordeaux.fr\/en\/#website"},"datePublished":"2018-04-15T16:26:11+00:00","dateModified":"2024-11-18T21:12:44+00:00","description":"Contact the Familin'Paris teams for a request for a quote, a request for a price or a request for information, partnership, etc.","breadcrumb":{"@id":"https:\/\/www.familinbordeaux.fr\/en\/contact-us\/#breadcrumb"},"inLanguage":"en-US","potentialAction":[{"@type":"ReadAction","target":["https:\/\/www.familinbordeaux.fr\/en\/contact-us\/"]}]},{"@type":"BreadcrumbList","@id":"https:\/\/www.familinbordeaux.fr\/en\/contact-us\/#breadcrumb","itemListElement":[{"@type":"ListItem","position":1,"name":"Accueil","item":"https:\/\/www.familinbordeaux.fr\/en\/"},{"@type":"ListItem","position":2,"name":"Contact us"}]},{"@type":"WebSite","@id":"https:\/\/www.familinbordeaux.fr\/en\/#website","url":"https:\/\/www.familinbordeaux.fr\/en\/","name":"Familin&#039;Bordeaux","description":"Visiter le meilleur de Bordeaux avec des enfants : sorties, spectacles, adresses de restaurants, shopping, bons plans...","potentialAction":[{"@type":"SearchAction","target":{"@type":"EntryPoint","urlTemplate":"https:\/\/www.familinbordeaux.fr\/en\/?s={search_term_string}"},"query-input":{"@type":"PropertyValueSpecification","valueRequired":true,"valueName":"search_term_string"}}],"inLanguage":"en-US"}]}},"uagb_featured_image_src":{"full":false,"thumbnail":false,"medium":false,"medium_large":false,"large":false,"1536x1536":false,"2048x2048":false,"home-thumb":false,"home-slider":false,"lightbox-slider-size":false,"post-thumbnail":false,"cheerup-main":false,"cheerup-main-full":false,"cheerup-slider-alt":false,"cheerup-slider-trendy":false,"cheerup-slider-stylish":false,"cheerup-slider-grid":false,"cheerup-slider-grid-sm":false,"cheerup-slider-carousel":false,"cheerup-slider-grid-b":false,"cheerup-slider-grid-b-sm":false,"cheerup-slider-bold-sm":false,"cheerup-grid":false,"cheerup-carousel":false,"cheerup-carousel-b":false,"cheerup-list":false,"cheerup-list-b":false,"cheerup-thumb":false,"cheerup-thumb-alt":false},"uagb_author_info":{"display_name":"Agn\u00e8s","author_link":"https:\/\/www.familinbordeaux.fr\/en\/author\/agnes\/"},"uagb_comment_info":0,"uagb_excerpt":"Do you have a question, a request for a quote or need more information? Contact us via this form. We will respond to your request as soon as possible.","_links":{"self":[{"href":"https:\/\/www.familinbordeaux.fr\/en\/wp-json\/wp\/v2\/pages\/3885","targetHints":{"allow":["GET"]}}],"collection":[{"href":"https:\/\/www.familinbordeaux.fr\/en\/wp-json\/wp\/v2\/pages"}],"about":[{"href":"https:\/\/www.familinbordeaux.fr\/en\/wp-json\/wp\/v2\/types\/page"}],"author":[{"embeddable":true,"href":"https:\/\/www.familinbordeaux.fr\/en\/wp-json\/wp\/v2\/users\/6"}],"replies":[{"embeddable":true,"href":"https:\/\/www.familinbordeaux.fr\/en\/wp-json\/wp\/v2\/comments?post=3885"}],"version-history":[{"count":0,"href":"https:\/\/www.familinbordeaux.fr\/en\/wp-json\/wp\/v2\/pages\/3885\/revisions"}],"wp:attachment":[{"href":"https:\/\/www.familinbordeaux.fr\/en\/wp-json\/wp\/v2\/media?parent=3885"}],"curies":[{"name":"wp","href":"https:\/\/api.w.org\/{rel}","templated":true}]}}